{"id":135,"date":"2021-02-28T12:35:38","date_gmt":"2021-02-28T11:35:38","guid":{"rendered":"http:\/\/www.eurekainz.pl\/public\/?page_id=135"},"modified":"2025-08-07T16:23:57","modified_gmt":"2025-08-07T14:23:57","slug":"eureka","status":"publish","type":"page","link":"https:\/\/www.eurekainz.pl\/public\/","title":{"rendered":"Eureka"},"content":{"rendered":"","protected":false},"excerpt":{"rendered":"","protected":false},"author":1,"featured_media":0,"parent":0,"menu_order":0,"comment_status":"closed","ping_status":"closed","template":"","meta":{"footnotes":""},"class_list":["post-135","page","type-page","status-publish","hentry"],"yoast_head":"<!-- This site is optimized with the Yoast SEO plugin v26.2 - https:\/\/yoast.com\/wordpress\/plugins\/seo\/ -->\n<title>Producent maszyn spo\u017cywczych, do przemys\u0142u spo\u017cywczego - Eureka<\/title>\n<meta name=\"description\" content=\"Projektujemy oraz produkujemy maszyny i urz\u0105dzenia maj\u0105ce szerokie zastosowanie w przemy\u015ble spo\u017cywczym, chemicznym i ochrony \u015brodowiska.\" \/>\n<meta name=\"robots\" content=\"index, follow, max-snippet:-1, max-image-preview:large, max-video-preview:-1\" \/>\n<link rel=\"canonical\" href=\"https:\/\/www.eurekainz.pl\/public\/\" \/>\n<meta property=\"og:locale\" content=\"pl_PL\" \/>\n<meta property=\"og:type\" content=\"article\" \/>\n<meta property=\"og:title\" content=\"Producent maszyn spo\u017cywczych, do przemys\u0142u spo\u017cywczego - Eureka\" \/>\n<meta property=\"og:description\" content=\"Projektujemy oraz produkujemy maszyny i urz\u0105dzenia maj\u0105ce szerokie zastosowanie w przemy\u015ble spo\u017cywczym, chemicznym i ochrony \u015brodowiska.\" \/>\n<meta property=\"og:url\" content=\"https:\/\/www.eurekainz.pl\/public\/\" \/>\n<meta property=\"og:site_name\" content=\"Eureka - In\u017cynieria spo\u017cywcza\" \/>\n<meta property=\"article:modified_time\" content=\"2025-08-07T14:23:57+00:00\" \/>\n<meta name=\"twitter:card\" content=\"summary_large_image\" \/>\n<script type=\"application\/ld+json\" class=\"yoast-schema-graph\">{\"@context\":\"https:\/\/schema.org\",\"@graph\":[{\"@type\":\"WebPage\",\"@id\":\"https:\/\/www.eurekainz.pl\/public\/\",\"url\":\"https:\/\/www.eurekainz.pl\/public\/\",\"name\":\"Producent maszyn spo\u017cywczych, do przemys\u0142u spo\u017cywczego - Eureka\",\"isPartOf\":{\"@id\":\"https:\/\/www.eurekainz.pl\/public\/#website\"},\"datePublished\":\"2021-02-28T11:35:38+00:00\",\"dateModified\":\"2025-08-07T14:23:57+00:00\",\"description\":\"Projektujemy oraz produkujemy maszyny i urz\u0105dzenia maj\u0105ce szerokie zastosowanie w przemy\u015ble spo\u017cywczym, chemicznym i ochrony \u015brodowiska.\",\"breadcrumb\":{\"@id\":\"https:\/\/www.eurekainz.pl\/public\/#breadcrumb\"},\"inLanguage\":\"pl-PL\",\"potentialAction\":[{\"@type\":\"ReadAction\",\"target\":[\"https:\/\/www.eurekainz.pl\/public\/\"]}]},{\"@type\":\"BreadcrumbList\",\"@id\":\"https:\/\/www.eurekainz.pl\/public\/#breadcrumb\",\"itemListElement\":[{\"@type\":\"ListItem\",\"position\":1,\"name\":\"Strona g\u0142\u00f3wna\",\"item\":\"https:\/\/www.eurekainz.pl\/public\/\"},{\"@type\":\"ListItem\",\"position\":2,\"name\":\"Eureka\"}]},{\"@type\":\"WebSite\",\"@id\":\"https:\/\/www.eurekainz.pl\/public\/#website\",\"url\":\"https:\/\/www.eurekainz.pl\/public\/\",\"name\":\"Eureka - In\u017cynieria spo\u017cywcza\",\"description\":\"Projektujemy oraz produkujemy maszyny i urz\u0105dzenia maj\u0105ce szerokie zastosowanie w przemy\u015ble spo\u017cywczym, chemicznym i ochrony \u015brodowiska.\",\"publisher\":{\"@id\":\"https:\/\/www.eurekainz.pl\/public\/#organization\"},\"potentialAction\":[{\"@type\":\"SearchAction\",\"target\":{\"@type\":\"EntryPoint\",\"urlTemplate\":\"https:\/\/www.eurekainz.pl\/public\/?s={search_term_string}\"},\"query-input\":{\"@type\":\"PropertyValueSpecification\",\"valueRequired\":true,\"valueName\":\"search_term_string\"}}],\"inLanguage\":\"pl-PL\"},{\"@type\":\"Organization\",\"@id\":\"https:\/\/www.eurekainz.pl\/public\/#organization\",\"name\":\"Eureka - In\u017cynieria spo\u017cywcza\",\"url\":\"https:\/\/www.eurekainz.pl\/public\/\",\"logo\":{\"@type\":\"ImageObject\",\"inLanguage\":\"pl-PL\",\"@id\":\"https:\/\/www.eurekainz.pl\/public\/#\/schema\/logo\/image\/\",\"url\":\"https:\/\/www.eurekainz.pl\/public\/wp-content\/uploads\/2025\/02\/eurekainz-logo.png\",\"contentUrl\":\"https:\/\/www.eurekainz.pl\/public\/wp-content\/uploads\/2025\/02\/eurekainz-logo.png\",\"width\":290,\"height\":76,\"caption\":\"Eureka - In\u017cynieria spo\u017cywcza\"},\"image\":{\"@id\":\"https:\/\/www.eurekainz.pl\/public\/#\/schema\/logo\/image\/\"}}]}<\/script>\n<!-- \/ Yoast SEO plugin. -->","yoast_head_json":{"title":"Producent maszyn spo\u017cywczych, do przemys\u0142u spo\u017cywczego - Eureka","description":"Projektujemy oraz produkujemy maszyny i urz\u0105dzenia maj\u0105ce szerokie zastosowanie w przemy\u015ble spo\u017cywczym, chemicznym i ochrony \u015brodowiska.","robots":{"index":"index","follow":"follow","max-snippet":"max-snippet:-1","max-image-preview":"max-image-preview:large","max-video-preview":"max-video-preview:-1"},"canonical":"https:\/\/www.eurekainz.pl\/public\/","og_locale":"pl_PL","og_type":"article","og_title":"Producent maszyn spo\u017cywczych, do przemys\u0142u spo\u017cywczego - Eureka","og_description":"Projektujemy oraz produkujemy maszyny i urz\u0105dzenia maj\u0105ce szerokie zastosowanie w przemy\u015ble spo\u017cywczym, chemicznym i ochrony \u015brodowiska.","og_url":"https:\/\/www.eurekainz.pl\/public\/","og_site_name":"Eureka - In\u017cynieria spo\u017cywcza","article_modified_time":"2025-08-07T14:23:57+00:00","twitter_card":"summary_large_image","schema":{"@context":"https:\/\/schema.org","@graph":[{"@type":"WebPage","@id":"https:\/\/www.eurekainz.pl\/public\/","url":"https:\/\/www.eurekainz.pl\/public\/","name":"Producent maszyn spo\u017cywczych, do przemys\u0142u spo\u017cywczego - Eureka","isPartOf":{"@id":"https:\/\/www.eurekainz.pl\/public\/#website"},"datePublished":"2021-02-28T11:35:38+00:00","dateModified":"2025-08-07T14:23:57+00:00","description":"Projektujemy oraz produkujemy maszyny i urz\u0105dzenia maj\u0105ce szerokie zastosowanie w przemy\u015ble spo\u017cywczym, chemicznym i ochrony \u015brodowiska.","breadcrumb":{"@id":"https:\/\/www.eurekainz.pl\/public\/#breadcrumb"},"inLanguage":"pl-PL","potentialAction":[{"@type":"ReadAction","target":["https:\/\/www.eurekainz.pl\/public\/"]}]},{"@type":"BreadcrumbList","@id":"https:\/\/www.eurekainz.pl\/public\/#breadcrumb","itemListElement":[{"@type":"ListItem","position":1,"name":"Strona g\u0142\u00f3wna","item":"https:\/\/www.eurekainz.pl\/public\/"},{"@type":"ListItem","position":2,"name":"Eureka"}]},{"@type":"WebSite","@id":"https:\/\/www.eurekainz.pl\/public\/#website","url":"https:\/\/www.eurekainz.pl\/public\/","name":"Eureka - In\u017cynieria spo\u017cywcza","description":"Projektujemy oraz produkujemy maszyny i urz\u0105dzenia maj\u0105ce szerokie zastosowanie w przemy\u015ble spo\u017cywczym, chemicznym i ochrony \u015brodowiska.","publisher":{"@id":"https:\/\/www.eurekainz.pl\/public\/#organization"},"potentialAction":[{"@type":"SearchAction","target":{"@type":"EntryPoint","urlTemplate":"https:\/\/www.eurekainz.pl\/public\/?s={search_term_string}"},"query-input":{"@type":"PropertyValueSpecification","valueRequired":true,"valueName":"search_term_string"}}],"inLanguage":"pl-PL"},{"@type":"Organization","@id":"https:\/\/www.eurekainz.pl\/public\/#organization","name":"Eureka - In\u017cynieria spo\u017cywcza","url":"https:\/\/www.eurekainz.pl\/public\/","logo":{"@type":"ImageObject","inLanguage":"pl-PL","@id":"https:\/\/www.eurekainz.pl\/public\/#\/schema\/logo\/image\/","url":"https:\/\/www.eurekainz.pl\/public\/wp-content\/uploads\/2025\/02\/eurekainz-logo.png","contentUrl":"https:\/\/www.eurekainz.pl\/public\/wp-content\/uploads\/2025\/02\/eurekainz-logo.png","width":290,"height":76,"caption":"Eureka - In\u017cynieria spo\u017cywcza"},"image":{"@id":"https:\/\/www.eurekainz.pl\/public\/#\/schema\/logo\/image\/"}}]}},"_links":{"self":[{"href":"https:\/\/www.eurekainz.pl\/public\/wp-json\/wp\/v2\/pages\/135","targetHints":{"allow":["GET"]}}],"collection":[{"href":"https:\/\/www.eurekainz.pl\/public\/wp-json\/wp\/v2\/pages"}],"about":[{"href":"https:\/\/www.eurekainz.pl\/public\/wp-json\/wp\/v2\/types\/page"}],"author":[{"embeddable":true,"href":"https:\/\/www.eurekainz.pl\/public\/wp-json\/wp\/v2\/users\/1"}],"replies":[{"embeddable":true,"href":"https:\/\/www.eurekainz.pl\/public\/wp-json\/wp\/v2\/comments?post=135"}],"version-history":[{"count":1,"href":"https:\/\/www.eurekainz.pl\/public\/wp-json\/wp\/v2\/pages\/135\/revisions"}],"predecessor-version":[{"id":136,"href":"https:\/\/www.eurekainz.pl\/public\/wp-json\/wp\/v2\/pages\/135\/revisions\/136"}],"wp:attachment":[{"href":"https:\/\/www.eurekainz.pl\/public\/wp-json\/wp\/v2\/media?parent=135"}],"curies":[{"name":"wp","href":"https:\/\/api.w.org\/{rel}","templated":true}]}}