{"id":3,"date":"2020-09-20T20:53:02","date_gmt":"2020-09-20T20:53:02","guid":{"rendered":"https:\/\/themes.muffingroup.com\/be\/computershop\/?page_id=3"},"modified":"2024-07-18T08:01:26","modified_gmt":"2024-07-18T06:01:26","slug":"polityka-prywatnosci","status":"publish","type":"page","link":"https:\/\/www.eurekainz.pl\/public\/polityka-prywatnosci\/","title":{"rendered":"Polityka prywatno\u015bci"},"content":{"rendered":"","protected":false},"excerpt":{"rendered":"","protected":false},"author":1,"featured_media":0,"parent":0,"menu_order":0,"comment_status":"closed","ping_status":"open","template":"","meta":{"footnotes":""},"class_list":["post-3","page","type-page","status-publish","hentry"],"yoast_head":"<!-- This site is optimized with the Yoast SEO plugin v26.2 - https:\/\/yoast.com\/wordpress\/plugins\/seo\/ -->\n<title>Polityka prywatno\u015bci - Eureka - In\u017cynieria spo\u017cywcza - Eureka<\/title>\n<meta name=\"robots\" content=\"noindex, follow\" \/>\n<meta property=\"og:locale\" content=\"pl_PL\" \/>\n<meta property=\"og:type\" content=\"article\" \/>\n<meta property=\"og:title\" content=\"Polityka prywatno\u015bci - Eureka - In\u017cynieria spo\u017cywcza - Eureka\" \/>\n<meta property=\"og:url\" content=\"https:\/\/www.eurekainz.pl\/public\/polityka-prywatnosci\/\" \/>\n<meta property=\"og:site_name\" content=\"Eureka - In\u017cynieria spo\u017cywcza\" \/>\n<meta property=\"article:modified_time\" content=\"2024-07-18T06:01:26+00:00\" \/>\n<meta name=\"twitter:card\" content=\"summary_large_image\" \/>\n<script type=\"application\/ld+json\" class=\"yoast-schema-graph\">{\"@context\":\"https:\/\/schema.org\",\"@graph\":[{\"@type\":\"WebPage\",\"@id\":\"https:\/\/www.eurekainz.pl\/public\/polityka-prywatnosci\/\",\"url\":\"https:\/\/www.eurekainz.pl\/public\/polityka-prywatnosci\/\",\"name\":\"Polityka prywatno\u015bci - Eureka - In\u017cynieria spo\u017cywcza - Eureka\",\"isPartOf\":{\"@id\":\"https:\/\/www.eurekainz.pl\/public\/#website\"},\"datePublished\":\"2020-09-20T20:53:02+00:00\",\"dateModified\":\"2024-07-18T06:01:26+00:00\",\"breadcrumb\":{\"@id\":\"https:\/\/www.eurekainz.pl\/public\/polityka-prywatnosci\/#breadcrumb\"},\"inLanguage\":\"pl-PL\",\"potentialAction\":[{\"@type\":\"ReadAction\",\"target\":[\"https:\/\/www.eurekainz.pl\/public\/polityka-prywatnosci\/\"]}]},{\"@type\":\"BreadcrumbList\",\"@id\":\"https:\/\/www.eurekainz.pl\/public\/polityka-prywatnosci\/#breadcrumb\",\"itemListElement\":[{\"@type\":\"ListItem\",\"position\":1,\"name\":\"Strona g\u0142\u00f3wna\",\"item\":\"https:\/\/www.eurekainz.pl\/public\/\"},{\"@type\":\"ListItem\",\"position\":2,\"name\":\"Polityka prywatno\u015bci\"}]},{\"@type\":\"WebSite\",\"@id\":\"https:\/\/www.eurekainz.pl\/public\/#website\",\"url\":\"https:\/\/www.eurekainz.pl\/public\/\",\"name\":\"Eureka - In\u017cynieria spo\u017cywcza\",\"description\":\"Projektujemy oraz produkujemy maszyny i urz\u0105dzenia maj\u0105ce szerokie zastosowanie w przemy\u015ble spo\u017cywczym, chemicznym i ochrony \u015brodowiska.\",\"publisher\":{\"@id\":\"https:\/\/www.eurekainz.pl\/public\/#organization\"},\"potentialAction\":[{\"@type\":\"SearchAction\",\"target\":{\"@type\":\"EntryPoint\",\"urlTemplate\":\"https:\/\/www.eurekainz.pl\/public\/?s={search_term_string}\"},\"query-input\":{\"@type\":\"PropertyValueSpecification\",\"valueRequired\":true,\"valueName\":\"search_term_string\"}}],\"inLanguage\":\"pl-PL\"},{\"@type\":\"Organization\",\"@id\":\"https:\/\/www.eurekainz.pl\/public\/#organization\",\"name\":\"Eureka - In\u017cynieria spo\u017cywcza\",\"url\":\"https:\/\/www.eurekainz.pl\/public\/\",\"logo\":{\"@type\":\"ImageObject\",\"inLanguage\":\"pl-PL\",\"@id\":\"https:\/\/www.eurekainz.pl\/public\/#\/schema\/logo\/image\/\",\"url\":\"https:\/\/www.eurekainz.pl\/public\/wp-content\/uploads\/2025\/02\/eurekainz-logo.png\",\"contentUrl\":\"https:\/\/www.eurekainz.pl\/public\/wp-content\/uploads\/2025\/02\/eurekainz-logo.png\",\"width\":290,\"height\":76,\"caption\":\"Eureka - In\u017cynieria spo\u017cywcza\"},\"image\":{\"@id\":\"https:\/\/www.eurekainz.pl\/public\/#\/schema\/logo\/image\/\"}}]}<\/script>\n<!-- \/ Yoast SEO plugin. -->","yoast_head_json":{"title":"Polityka prywatno\u015bci - Eureka - In\u017cynieria spo\u017cywcza - Eureka","robots":{"index":"noindex","follow":"follow"},"og_locale":"pl_PL","og_type":"article","og_title":"Polityka prywatno\u015bci - Eureka - In\u017cynieria spo\u017cywcza - Eureka","og_url":"https:\/\/www.eurekainz.pl\/public\/polityka-prywatnosci\/","og_site_name":"Eureka - In\u017cynieria spo\u017cywcza","article_modified_time":"2024-07-18T06:01:26+00:00","twitter_card":"summary_large_image","schema":{"@context":"https:\/\/schema.org","@graph":[{"@type":"WebPage","@id":"https:\/\/www.eurekainz.pl\/public\/polityka-prywatnosci\/","url":"https:\/\/www.eurekainz.pl\/public\/polityka-prywatnosci\/","name":"Polityka prywatno\u015bci - Eureka - In\u017cynieria spo\u017cywcza - Eureka","isPartOf":{"@id":"https:\/\/www.eurekainz.pl\/public\/#website"},"datePublished":"2020-09-20T20:53:02+00:00","dateModified":"2024-07-18T06:01:26+00:00","breadcrumb":{"@id":"https:\/\/www.eurekainz.pl\/public\/polityka-prywatnosci\/#breadcrumb"},"inLanguage":"pl-PL","potentialAction":[{"@type":"ReadAction","target":["https:\/\/www.eurekainz.pl\/public\/polityka-prywatnosci\/"]}]},{"@type":"BreadcrumbList","@id":"https:\/\/www.eurekainz.pl\/public\/polityka-prywatnosci\/#breadcrumb","itemListElement":[{"@type":"ListItem","position":1,"name":"Strona g\u0142\u00f3wna","item":"https:\/\/www.eurekainz.pl\/public\/"},{"@type":"ListItem","position":2,"name":"Polityka prywatno\u015bci"}]},{"@type":"WebSite","@id":"https:\/\/www.eurekainz.pl\/public\/#website","url":"https:\/\/www.eurekainz.pl\/public\/","name":"Eureka - In\u017cynieria spo\u017cywcza","description":"Projektujemy oraz produkujemy maszyny i urz\u0105dzenia maj\u0105ce szerokie zastosowanie w przemy\u015ble spo\u017cywczym, chemicznym i ochrony \u015brodowiska.","publisher":{"@id":"https:\/\/www.eurekainz.pl\/public\/#organization"},"potentialAction":[{"@type":"SearchAction","target":{"@type":"EntryPoint","urlTemplate":"https:\/\/www.eurekainz.pl\/public\/?s={search_term_string}"},"query-input":{"@type":"PropertyValueSpecification","valueRequired":true,"valueName":"search_term_string"}}],"inLanguage":"pl-PL"},{"@type":"Organization","@id":"https:\/\/www.eurekainz.pl\/public\/#organization","name":"Eureka - In\u017cynieria spo\u017cywcza","url":"https:\/\/www.eurekainz.pl\/public\/","logo":{"@type":"ImageObject","inLanguage":"pl-PL","@id":"https:\/\/www.eurekainz.pl\/public\/#\/schema\/logo\/image\/","url":"https:\/\/www.eurekainz.pl\/public\/wp-content\/uploads\/2025\/02\/eurekainz-logo.png","contentUrl":"https:\/\/www.eurekainz.pl\/public\/wp-content\/uploads\/2025\/02\/eurekainz-logo.png","width":290,"height":76,"caption":"Eureka - In\u017cynieria spo\u017cywcza"},"image":{"@id":"https:\/\/www.eurekainz.pl\/public\/#\/schema\/logo\/image\/"}}]}},"_links":{"self":[{"href":"https:\/\/www.eurekainz.pl\/public\/wp-json\/wp\/v2\/pages\/3","targetHints":{"allow":["GET"]}}],"collection":[{"href":"https:\/\/www.eurekainz.pl\/public\/wp-json\/wp\/v2\/pages"}],"about":[{"href":"https:\/\/www.eurekainz.pl\/public\/wp-json\/wp\/v2\/types\/page"}],"author":[{"embeddable":true,"href":"https:\/\/www.eurekainz.pl\/public\/wp-json\/wp\/v2\/users\/1"}],"replies":[{"embeddable":true,"href":"https:\/\/www.eurekainz.pl\/public\/wp-json\/wp\/v2\/comments?post=3"}],"version-history":[{"count":1,"href":"https:\/\/www.eurekainz.pl\/public\/wp-json\/wp\/v2\/pages\/3\/revisions"}],"predecessor-version":[{"id":517,"href":"https:\/\/www.eurekainz.pl\/public\/wp-json\/wp\/v2\/pages\/3\/revisions\/517"}],"wp:attachment":[{"href":"https:\/\/www.eurekainz.pl\/public\/wp-json\/wp\/v2\/media?parent=3"}],"curies":[{"name":"wp","href":"https:\/\/api.w.org\/{rel}","templated":true}]}}